{"id":270,"date":"2020-03-26T14:39:08","date_gmt":"2020-03-26T14:39:08","guid":{"rendered":"http:\/\/schulz-hygiene.de\/?page_id=270"},"modified":"2024-05-28T08:18:12","modified_gmt":"2024-05-28T08:18:12","slug":"covid-19","status":"publish","type":"page","link":"https:\/\/schulz-hygiene.de\/?page_id=270","title":{"rendered":"COVID-19"},"content":{"rendered":"\n<figure class=\"wp-block-image size-large\"><img loading=\"lazy\" decoding=\"async\" width=\"700\" height=\"206\" src=\"http:\/\/schulz-hygiene.de\/wp-content\/uploads\/2020\/03\/Weil-Hygiene-Vertrauenssache-ist@3x-700x206.png\" alt=\"Weil Hygiene Vertrauenssache ist...\" class=\"wp-image-272\" srcset=\"https:\/\/schulz-hygiene.de\/wp-content\/uploads\/2020\/03\/Weil-Hygiene-Vertrauenssache-ist@3x-700x206.png 700w, https:\/\/schulz-hygiene.de\/wp-content\/uploads\/2020\/03\/Weil-Hygiene-Vertrauenssache-ist@3x-250x74.png 250w, https:\/\/schulz-hygiene.de\/wp-content\/uploads\/2020\/03\/Weil-Hygiene-Vertrauenssache-ist@3x-768x226.png 768w, https:\/\/schulz-hygiene.de\/wp-content\/uploads\/2020\/03\/Weil-Hygiene-Vertrauenssache-ist@3x-120x35.png 120w, https:\/\/schulz-hygiene.de\/wp-content\/uploads\/2020\/03\/Weil-Hygiene-Vertrauenssache-ist@3x.png 1527w\" sizes=\"auto, (max-width: 700px) 100vw, 700px\" \/><\/figure>\n\n\n\n<p>Aufgrund der aktuellen Lage um <strong>COVID-19<\/strong> , m\u00f6chten wir auch in dieser<br> schwierigen Zeit f\u00fcr unsere Kunden als zuverl\u00e4ssiger Hygienedienstleister mit 50 J\u00e4hriger Erfahrung da sein.<br>Unsere Passion ist es seit jeher, Sie mit unseren Hygienedienstleistungen und Hygieneprodukten bestm\u00f6glich zu unterst\u00fctzen.<\/p>\n\n\n\n<p>Anbei ein Auszug unseres Portfolios im Kampf gegen <strong>COVID-19<\/strong>:<\/p>\n\n\n\n<h5 class=\"wp-block-heading\"><a href=\"https:\/\/schulz-hygiene.de\/?p=25\" \" alt=\"Hygiene-Service\" style=\"text-decoration:none\"><strong>Hygienedienstleistungen:<\/strong><\/a><\/h5>Reinigung und Desinfektion<\/h2>\n\n\n\n<ul class=\"wp-block-list\">\n<li>von RLT-Anlagen, Zuluftausl\u00e4ssen und Abluftgittern<\/li>\n\n\n\n<li>von Hygienerelevanten Bereichen (Vermeidung von Schmierinfektionen)\n<ul class=\"wp-block-list\">\n<li>Scheuerwischdesinfektion<\/li>\n\n\n\n<li>Spr\u00fchdesinfektion <\/li>\n<\/ul>\n<\/li>\n\n\n\n<li>Beratung in hygienerelevanten Problemen\n<ul class=\"wp-block-list\">\n<li>Taschenfilter<\/li>\n\n\n\n<li>Schwebstofffilter<\/li>\n<\/ul>\n<\/li>\n<\/ul>\n\n\n\n<p><em>Unsere staatlich gepr\u00fcften Desinfektoren\/Hygieneingenieure unterst\u00fctzen Sie hierbei optimal<\/em><\/p>\n\n\n\n<h5 class=\"wp-block-heading\"><a href=\"https:\/\/schulz-hygiene.de\/?page_id=89\" alt=\"Produkte\" style=\"text-decoration:none\"><strong>Hygienetechnik<\/strong><\/a><\/h5>\n\n\n\n<ul class=\"wp-block-list\">\n<li>Desinfektionsdosierger\u00e4te<\/li>\n\n\n\n<li>Konzentratf\u00f6rderanlagen<\/li>\n\n\n\n<li>Servicedienstleistungen<\/li>\n<\/ul>\n\n\n<div><\/div>\n\n\n<figure class=\"wp-block-image size-large\"><img loading=\"lazy\" decoding=\"async\" width=\"700\" height=\"412\" src=\"http:\/\/schulz-hygiene.de\/wp-content\/uploads\/2020\/03\/Praeventation-gegen-Infektion@3x-700x412.png\" alt=\"Pr\u00e4vention gegen Infektion\" class=\"wp-image-273\" srcset=\"https:\/\/schulz-hygiene.de\/wp-content\/uploads\/2020\/03\/Praeventation-gegen-Infektion@3x-700x412.png 700w, https:\/\/schulz-hygiene.de\/wp-content\/uploads\/2020\/03\/Praeventation-gegen-Infektion@3x-250x147.png 250w, https:\/\/schulz-hygiene.de\/wp-content\/uploads\/2020\/03\/Praeventation-gegen-Infektion@3x-768x452.png 768w, https:\/\/schulz-hygiene.de\/wp-content\/uploads\/2020\/03\/Praeventation-gegen-Infektion@3x-120x71.png 120w, https:\/\/schulz-hygiene.de\/wp-content\/uploads\/2020\/03\/Praeventation-gegen-Infektion@3x.png 892w\" sizes=\"auto, (max-width: 700px) 100vw, 700px\" \/><\/figure>\n","protected":false},"excerpt":{"rendered":"Aufgrund der aktuellen Lage um COVID-19 , m\u00f6chten wir auch in dieser schwierigen Zeit f\u00fcr unsere Kunden als zuverl\u00e4ssiger Hygienedienstleister mit 50 J\u00e4hriger Erfahrung da sein.Unsere Passion ist es seit jeher, Sie mit unseren Hygienedienstleistungen und Hygieneprodukten bestm\u00f6glich zu unterst\u00fctzen. Anbei ein Auszug unseres Portfolios im Kampf gegen COVID-19:","protected":false},"author":3,"featured_media":272,"parent":0,"menu_order":0,"comment_status":"closed","ping_status":"closed","template":"","meta":{"footnotes":""},"class_list":["post-270","page","type-page","status-publish","has-post-thumbnail","hentry"],"yoast_head":"<!-- This site is optimized with the Yoast SEO plugin v27.3 - https:\/\/yoast.com\/product\/yoast-seo-wordpress\/ -->\n<title>Wir sind f\u00fcr Sie da - COVID-19 - Schulz GmbH - Hygiene Service &amp; Technik<\/title>\n<meta name=\"description\" content=\"Erfahren Sie mehr \u00fcber die Hygienedienstleistungen und Produkte von Schulz Hygiene. Mit \u00fcber 50 Jahren Erfahrung bieten wir umfassende L\u00f6sungen zur Reinigung und Desinfektion, um die Verbreitung von COVID-19 zu bek\u00e4mpfen. Unsere staatlich gepr\u00fcften Desinfektoren und Hygieneingenieure unterst\u00fctzen Sie in allen hygienerelevanten Fragen. Entdecken Sie unser Portfolio an Desinfektionsdosierger\u00e4ten, Konzentratf\u00f6rderanlagen und weiteren Servicedienstleistungen. Schulz Hygiene \u2013 Weil Hygiene Vertrauenssache ist.\" \/>\n<meta name=\"robots\" content=\"index, follow, max-snippet:-1, max-image-preview:large, max-video-preview:-1\" \/>\n<link rel=\"canonical\" href=\"https:\/\/schulz-hygiene.de\/?page_id=270\" \/>\n<meta property=\"og:locale\" content=\"de_DE\" \/>\n<meta property=\"og:type\" content=\"article\" \/>\n<meta property=\"og:title\" content=\"Wir sind f\u00fcr Sie da - COVID-19 - Schulz GmbH - Hygiene Service &amp; Technik\" \/>\n<meta property=\"og:description\" content=\"Erfahren Sie mehr \u00fcber die Hygienedienstleistungen und Produkte von Schulz Hygiene. Mit \u00fcber 50 Jahren Erfahrung bieten wir umfassende L\u00f6sungen zur Reinigung und Desinfektion, um die Verbreitung von COVID-19 zu bek\u00e4mpfen. Unsere staatlich gepr\u00fcften Desinfektoren und Hygieneingenieure unterst\u00fctzen Sie in allen hygienerelevanten Fragen. Entdecken Sie unser Portfolio an Desinfektionsdosierger\u00e4ten, Konzentratf\u00f6rderanlagen und weiteren Servicedienstleistungen. Schulz Hygiene \u2013 Weil Hygiene Vertrauenssache ist.\" \/>\n<meta property=\"og:url\" content=\"https:\/\/schulz-hygiene.de\/?page_id=270\" \/>\n<meta property=\"og:site_name\" content=\"Schulz GmbH - Hygiene Service &amp; Technik\" \/>\n<meta property=\"article:modified_time\" content=\"2024-05-28T08:18:12+00:00\" \/>\n<meta property=\"og:image\" content=\"https:\/\/schulz-hygiene.de\/wp-content\/uploads\/2020\/03\/Weil-Hygiene-Vertrauenssache-ist@3x.png\" \/>\n\t<meta property=\"og:image:width\" content=\"1527\" \/>\n\t<meta property=\"og:image:height\" content=\"450\" \/>\n\t<meta property=\"og:image:type\" content=\"image\/png\" \/>\n<meta name=\"twitter:card\" content=\"summary_large_image\" \/>\n<meta name=\"twitter:label1\" content=\"Gesch\u00e4tzte Lesezeit\" \/>\n\t<meta name=\"twitter:data1\" content=\"2\u00a0Minuten\" \/>\n<script type=\"application\/ld+json\" class=\"yoast-schema-graph\">{\"@context\":\"https:\\\/\\\/schema.org\",\"@graph\":[{\"@type\":\"WebPage\",\"@id\":\"https:\\\/\\\/schulz-hygiene.de\\\/?page_id=270\",\"url\":\"https:\\\/\\\/schulz-hygiene.de\\\/?page_id=270\",\"name\":\"Wir sind f\u00fcr Sie da - COVID-19 - Schulz GmbH - Hygiene Service &amp; Technik\",\"isPartOf\":{\"@id\":\"https:\\\/\\\/schulz-hygiene.de\\\/#website\"},\"primaryImageOfPage\":{\"@id\":\"https:\\\/\\\/schulz-hygiene.de\\\/?page_id=270#primaryimage\"},\"image\":{\"@id\":\"https:\\\/\\\/schulz-hygiene.de\\\/?page_id=270#primaryimage\"},\"thumbnailUrl\":\"https:\\\/\\\/schulz-hygiene.de\\\/wp-content\\\/uploads\\\/2020\\\/03\\\/Weil-Hygiene-Vertrauenssache-ist@3x.png\",\"datePublished\":\"2020-03-26T14:39:08+00:00\",\"dateModified\":\"2024-05-28T08:18:12+00:00\",\"description\":\"Erfahren Sie mehr \u00fcber die Hygienedienstleistungen und Produkte von Schulz Hygiene. Mit \u00fcber 50 Jahren Erfahrung bieten wir umfassende L\u00f6sungen zur Reinigung und Desinfektion, um die Verbreitung von COVID-19 zu bek\u00e4mpfen. Unsere staatlich gepr\u00fcften Desinfektoren und Hygieneingenieure unterst\u00fctzen Sie in allen hygienerelevanten Fragen. Entdecken Sie unser Portfolio an Desinfektionsdosierger\u00e4ten, Konzentratf\u00f6rderanlagen und weiteren Servicedienstleistungen. Schulz Hygiene \u2013 Weil Hygiene Vertrauenssache ist.\",\"breadcrumb\":{\"@id\":\"https:\\\/\\\/schulz-hygiene.de\\\/?page_id=270#breadcrumb\"},\"inLanguage\":\"de\",\"potentialAction\":[{\"@type\":\"ReadAction\",\"target\":[\"https:\\\/\\\/schulz-hygiene.de\\\/?page_id=270\"]}]},{\"@type\":\"ImageObject\",\"inLanguage\":\"de\",\"@id\":\"https:\\\/\\\/schulz-hygiene.de\\\/?page_id=270#primaryimage\",\"url\":\"https:\\\/\\\/schulz-hygiene.de\\\/wp-content\\\/uploads\\\/2020\\\/03\\\/Weil-Hygiene-Vertrauenssache-ist@3x.png\",\"contentUrl\":\"https:\\\/\\\/schulz-hygiene.de\\\/wp-content\\\/uploads\\\/2020\\\/03\\\/Weil-Hygiene-Vertrauenssache-ist@3x.png\",\"width\":1527,\"height\":450,\"caption\":\"Weil Hygiene Vertrauenssache ist...\"},{\"@type\":\"BreadcrumbList\",\"@id\":\"https:\\\/\\\/schulz-hygiene.de\\\/?page_id=270#breadcrumb\",\"itemListElement\":[{\"@type\":\"ListItem\",\"position\":1,\"name\":\"Startseite\",\"item\":\"https:\\\/\\\/schulz-hygiene.de\\\/\"},{\"@type\":\"ListItem\",\"position\":2,\"name\":\"COVID-19\"}]},{\"@type\":\"WebSite\",\"@id\":\"https:\\\/\\\/schulz-hygiene.de\\\/#website\",\"url\":\"https:\\\/\\\/schulz-hygiene.de\\\/\",\"name\":\"Schulz GmbH - Hygiene Service &amp; Technik\",\"description\":\"Hygiene-Service &amp; Hygiene-Technik f\u00fcr Unternehmen \u2013 Die Schulz GmbH steht f\u00fcr Kompetenz, Innovation &amp; Qualit\u00e4t seit \u00fcber 50 Jahren.\",\"publisher\":{\"@id\":\"https:\\\/\\\/schulz-hygiene.de\\\/#organization\"},\"potentialAction\":[{\"@type\":\"SearchAction\",\"target\":{\"@type\":\"EntryPoint\",\"urlTemplate\":\"https:\\\/\\\/schulz-hygiene.de\\\/?s={search_term_string}\"},\"query-input\":{\"@type\":\"PropertyValueSpecification\",\"valueRequired\":true,\"valueName\":\"search_term_string\"}}],\"inLanguage\":\"de\"},{\"@type\":\"Organization\",\"@id\":\"https:\\\/\\\/schulz-hygiene.de\\\/#organization\",\"name\":\"Schulz GmbH - Hygiene & Servicetechnik\",\"url\":\"https:\\\/\\\/schulz-hygiene.de\\\/\",\"logo\":{\"@type\":\"ImageObject\",\"inLanguage\":\"de\",\"@id\":\"https:\\\/\\\/schulz-hygiene.de\\\/#\\\/schema\\\/logo\\\/image\\\/\",\"url\":\"https:\\\/\\\/schulz-hygiene.de\\\/wp-content\\\/uploads\\\/2020\\\/03\\\/loginlogo_ff205.png\",\"contentUrl\":\"https:\\\/\\\/schulz-hygiene.de\\\/wp-content\\\/uploads\\\/2020\\\/03\\\/loginlogo_ff205.png\",\"width\":256,\"height\":64,\"caption\":\"Schulz GmbH - Hygiene & Servicetechnik\"},\"image\":{\"@id\":\"https:\\\/\\\/schulz-hygiene.de\\\/#\\\/schema\\\/logo\\\/image\\\/\"}}]}<\/script>\n<!-- \/ Yoast SEO plugin. -->","yoast_head_json":{"title":"Wir sind f\u00fcr Sie da - COVID-19 - Schulz GmbH - Hygiene Service &amp; Technik","description":"Erfahren Sie mehr \u00fcber die Hygienedienstleistungen und Produkte von Schulz Hygiene. Mit \u00fcber 50 Jahren Erfahrung bieten wir umfassende L\u00f6sungen zur Reinigung und Desinfektion, um die Verbreitung von COVID-19 zu bek\u00e4mpfen. Unsere staatlich gepr\u00fcften Desinfektoren und Hygieneingenieure unterst\u00fctzen Sie in allen hygienerelevanten Fragen. Entdecken Sie unser Portfolio an Desinfektionsdosierger\u00e4ten, Konzentratf\u00f6rderanlagen und weiteren Servicedienstleistungen. Schulz Hygiene \u2013 Weil Hygiene Vertrauenssache ist.","robots":{"index":"index","follow":"follow","max-snippet":"max-snippet:-1","max-image-preview":"max-image-preview:large","max-video-preview":"max-video-preview:-1"},"canonical":"https:\/\/schulz-hygiene.de\/?page_id=270","og_locale":"de_DE","og_type":"article","og_title":"Wir sind f\u00fcr Sie da - COVID-19 - Schulz GmbH - Hygiene Service &amp; Technik","og_description":"Erfahren Sie mehr \u00fcber die Hygienedienstleistungen und Produkte von Schulz Hygiene. Mit \u00fcber 50 Jahren Erfahrung bieten wir umfassende L\u00f6sungen zur Reinigung und Desinfektion, um die Verbreitung von COVID-19 zu bek\u00e4mpfen. Unsere staatlich gepr\u00fcften Desinfektoren und Hygieneingenieure unterst\u00fctzen Sie in allen hygienerelevanten Fragen. Entdecken Sie unser Portfolio an Desinfektionsdosierger\u00e4ten, Konzentratf\u00f6rderanlagen und weiteren Servicedienstleistungen. Schulz Hygiene \u2013 Weil Hygiene Vertrauenssache ist.","og_url":"https:\/\/schulz-hygiene.de\/?page_id=270","og_site_name":"Schulz GmbH - Hygiene Service &amp; Technik","article_modified_time":"2024-05-28T08:18:12+00:00","og_image":[{"width":1527,"height":450,"url":"https:\/\/schulz-hygiene.de\/wp-content\/uploads\/2020\/03\/Weil-Hygiene-Vertrauenssache-ist@3x.png","type":"image\/png"}],"twitter_card":"summary_large_image","twitter_misc":{"Gesch\u00e4tzte Lesezeit":"2\u00a0Minuten"},"schema":{"@context":"https:\/\/schema.org","@graph":[{"@type":"WebPage","@id":"https:\/\/schulz-hygiene.de\/?page_id=270","url":"https:\/\/schulz-hygiene.de\/?page_id=270","name":"Wir sind f\u00fcr Sie da - COVID-19 - Schulz GmbH - Hygiene Service &amp; Technik","isPartOf":{"@id":"https:\/\/schulz-hygiene.de\/#website"},"primaryImageOfPage":{"@id":"https:\/\/schulz-hygiene.de\/?page_id=270#primaryimage"},"image":{"@id":"https:\/\/schulz-hygiene.de\/?page_id=270#primaryimage"},"thumbnailUrl":"https:\/\/schulz-hygiene.de\/wp-content\/uploads\/2020\/03\/Weil-Hygiene-Vertrauenssache-ist@3x.png","datePublished":"2020-03-26T14:39:08+00:00","dateModified":"2024-05-28T08:18:12+00:00","description":"Erfahren Sie mehr \u00fcber die Hygienedienstleistungen und Produkte von Schulz Hygiene. Mit \u00fcber 50 Jahren Erfahrung bieten wir umfassende L\u00f6sungen zur Reinigung und Desinfektion, um die Verbreitung von COVID-19 zu bek\u00e4mpfen. Unsere staatlich gepr\u00fcften Desinfektoren und Hygieneingenieure unterst\u00fctzen Sie in allen hygienerelevanten Fragen. Entdecken Sie unser Portfolio an Desinfektionsdosierger\u00e4ten, Konzentratf\u00f6rderanlagen und weiteren Servicedienstleistungen. Schulz Hygiene \u2013 Weil Hygiene Vertrauenssache ist.","breadcrumb":{"@id":"https:\/\/schulz-hygiene.de\/?page_id=270#breadcrumb"},"inLanguage":"de","potentialAction":[{"@type":"ReadAction","target":["https:\/\/schulz-hygiene.de\/?page_id=270"]}]},{"@type":"ImageObject","inLanguage":"de","@id":"https:\/\/schulz-hygiene.de\/?page_id=270#primaryimage","url":"https:\/\/schulz-hygiene.de\/wp-content\/uploads\/2020\/03\/Weil-Hygiene-Vertrauenssache-ist@3x.png","contentUrl":"https:\/\/schulz-hygiene.de\/wp-content\/uploads\/2020\/03\/Weil-Hygiene-Vertrauenssache-ist@3x.png","width":1527,"height":450,"caption":"Weil Hygiene Vertrauenssache ist..."},{"@type":"BreadcrumbList","@id":"https:\/\/schulz-hygiene.de\/?page_id=270#breadcrumb","itemListElement":[{"@type":"ListItem","position":1,"name":"Startseite","item":"https:\/\/schulz-hygiene.de\/"},{"@type":"ListItem","position":2,"name":"COVID-19"}]},{"@type":"WebSite","@id":"https:\/\/schulz-hygiene.de\/#website","url":"https:\/\/schulz-hygiene.de\/","name":"Schulz GmbH - Hygiene Service &amp; Technik","description":"Hygiene-Service &amp; Hygiene-Technik f\u00fcr Unternehmen \u2013 Die Schulz GmbH steht f\u00fcr Kompetenz, Innovation &amp; Qualit\u00e4t seit \u00fcber 50 Jahren.","publisher":{"@id":"https:\/\/schulz-hygiene.de\/#organization"},"potentialAction":[{"@type":"SearchAction","target":{"@type":"EntryPoint","urlTemplate":"https:\/\/schulz-hygiene.de\/?s={search_term_string}"},"query-input":{"@type":"PropertyValueSpecification","valueRequired":true,"valueName":"search_term_string"}}],"inLanguage":"de"},{"@type":"Organization","@id":"https:\/\/schulz-hygiene.de\/#organization","name":"Schulz GmbH - Hygiene & Servicetechnik","url":"https:\/\/schulz-hygiene.de\/","logo":{"@type":"ImageObject","inLanguage":"de","@id":"https:\/\/schulz-hygiene.de\/#\/schema\/logo\/image\/","url":"https:\/\/schulz-hygiene.de\/wp-content\/uploads\/2020\/03\/loginlogo_ff205.png","contentUrl":"https:\/\/schulz-hygiene.de\/wp-content\/uploads\/2020\/03\/loginlogo_ff205.png","width":256,"height":64,"caption":"Schulz GmbH - Hygiene & Servicetechnik"},"image":{"@id":"https:\/\/schulz-hygiene.de\/#\/schema\/logo\/image\/"}}]}},"_links":{"self":[{"href":"https:\/\/schulz-hygiene.de\/index.php?rest_route=\/wp\/v2\/pages\/270","targetHints":{"allow":["GET"]}}],"collection":[{"href":"https:\/\/schulz-hygiene.de\/index.php?rest_route=\/wp\/v2\/pages"}],"about":[{"href":"https:\/\/schulz-hygiene.de\/index.php?rest_route=\/wp\/v2\/types\/page"}],"author":[{"embeddable":true,"href":"https:\/\/schulz-hygiene.de\/index.php?rest_route=\/wp\/v2\/users\/3"}],"replies":[{"embeddable":true,"href":"https:\/\/schulz-hygiene.de\/index.php?rest_route=%2Fwp%2Fv2%2Fcomments&post=270"}],"version-history":[{"count":7,"href":"https:\/\/schulz-hygiene.de\/index.php?rest_route=\/wp\/v2\/pages\/270\/revisions"}],"predecessor-version":[{"id":409,"href":"https:\/\/schulz-hygiene.de\/index.php?rest_route=\/wp\/v2\/pages\/270\/revisions\/409"}],"wp:featuredmedia":[{"embeddable":true,"href":"https:\/\/schulz-hygiene.de\/index.php?rest_route=\/wp\/v2\/media\/272"}],"wp:attachment":[{"href":"https:\/\/schulz-hygiene.de\/index.php?rest_route=%2Fwp%2Fv2%2Fmedia&parent=270"}],"curies":[{"name":"wp","href":"https:\/\/api.w.org\/{rel}","templated":true}]}}