{"id":81,"date":"2018-05-07T15:13:00","date_gmt":"2018-05-07T15:13:00","guid":{"rendered":"https:\/\/schulz-hygiene.de\/?page_id=81"},"modified":"2018-05-07T15:13:00","modified_gmt":"2018-05-07T15:13:00","slug":"historie","status":"publish","type":"page","link":"https:\/\/schulz-hygiene.de\/?page_id=81","title":{"rendered":"Historie"},"content":{"rendered":"\t\t\t<section id=\"cd-timeline\" class=\"cd-container timeline-express\">\n\n\t\t\t\n<div class=\"cd-timeline-block juni 17 1970 announcement-no-image announcement-132\">\n\n\t\n\t\t<a class=\"cd-timeline-icon-link\" href=\"https:\/\/schulz-hygiene.de\/?te_announcements=firmengruendung\">\n\n\t\t\t\n\t\t<div class=\"cd-timeline-img cd-picture\" style=\"background:#007bff;\">\n\n\t\t\t<!-- Custom Action Hook -->\n\t\t\t\n\t\t\t\t<!-- Standard Font Awesome Icon -->\n\t\t\t\t<span class=\"fa fa-circle-o\" title=\"Firmengr\u00fcndung\"><\/span>\n\n\t\t\t\n\t\t<\/div> <!-- cd-timeline-img -->\n\n\t\n\t\t<\/a>\n\n\t\t\n\t<!-- Timeline Content -->\n\t<div class=\"cd-timeline-content\">\n\n\t\t\n\t\t<!-- Announcement Title -->\n\t\t<div class=\"cd-timeline-title-container\">\n\n\t\t\t\n\t\t\t<h2 class=\"cd-timeline-item-title\">\n\t\t\t\tFirmengr\u00fcndung\t\t\t<\/h2>\n\n\t\t\t\t\t\t\t<p class=\"timeline-date\">\n\t\t\t\t\tJuni 17, 1970\t\t\t\t<\/p>\n\t\t\t\t\t\t<\/div>\n\t\t<!-- End Announcement Title -->\n\n\t\t\n\t\t<!-- Announcement Excerpt -->\n\t\t<div class=\"the-excerpt\">\n\t\t\t<p>Im Jahr 1976 legte Herbert Schulz den Grundstein f\u00fcr ein Unternehmen, das sich in den folgenden Jahrzehnten als wesentlicher Akteur im Bereich der Hygienetechnologie etablieren sollte. Unter dem Namen &#8222;Haus- und Hygienetechnik&#8220; begann die Firma in Issum am Niederrhein, eine Region bekannt f\u00fcr ihre Innovationskraft und unternehmerische Dynamik, ihre Gesch\u00e4ftst\u00e4tigkeit. Das Unternehmen spezialisierte sich zun\u00e4chst auf die Fertigung von Wandspendern, die in zahlreichen \u00f6ffentlichen und privaten Einrichtungen zum Einsatz kommen sollten. Neben der Produktion dieser essenziellen Ger\u00e4te f\u00fcr die Handhygiene widmete sich die &#8222;Haus- und Hygienetechnik&#8220; der&#8230;<\/p>\n<a class=\"timeline-express-read-more-link\" href=\"https:\/\/schulz-hygiene.de\/?te_announcements=firmengruendung\"> Read more<\/a>\t\t<\/div>\n\t\t<!-- End Announcement Excerpt -->\n\n\t\t\n\t<\/div>\n\t<!-- End Timeline Content -->\n\n<\/div>\n<!-- End Timeline Block -->\n\n<div class=\"cd-timeline-block april 01 1976 announcement-no-image announcement-539\">\n\n\t\n\t\t<a class=\"cd-timeline-icon-link\" href=\"https:\/\/schulz-hygiene.de\/?te_announcements=schulz-gmbh-ein-neubau-der-den-weg-fuer-zukuenftigen-erfolg-ebnete\">\n\n\t\t\t\n\t\t<div class=\"cd-timeline-img cd-picture\" style=\"background:#007bff;\">\n\n\t\t\t<!-- Custom Action Hook -->\n\t\t\t\n\t\t\t\t<!-- Standard Font Awesome Icon -->\n\t\t\t\t<span class=\"fa fa-retweet\" title=\"Neubau\"><\/span>\n\n\t\t\t\n\t\t<\/div> <!-- cd-timeline-img -->\n\n\t\n\t\t<\/a>\n\n\t\t\n\t<!-- Timeline Content -->\n\t<div class=\"cd-timeline-content\">\n\n\t\t\n\t\t<!-- Announcement Title -->\n\t\t<div class=\"cd-timeline-title-container\">\n\n\t\t\t\n\t\t\t<h2 class=\"cd-timeline-item-title\">\n\t\t\t\tNeubau\t\t\t<\/h2>\n\n\t\t\t\t\t\t\t<p class=\"timeline-date\">\n\t\t\t\t\tApril 1, 1976\t\t\t\t<\/p>\n\t\t\t\t\t\t<\/div>\n\t\t<!-- End Announcement Title -->\n\n\t\t\n\t\t<!-- Announcement Excerpt -->\n\t\t<div class=\"the-excerpt\">\n\t\t\t<p>1976 war ein Schl\u00fcsseljahr f\u00fcr Schulz GmbH, als sie ihren neuen Standort in Meinerzhagen, Am Rottland, fertigstellten. Dieses Ereignis unterstrich ihr Engagement f\u00fcr Wachstum und zuk\u00fcnftigen Erfolg. Durch die Erweiterung der Produktionskapazit\u00e4ten und die Schaffung neuer Jobs begegnete die Firma steigender Nachfrage und Expansionspl\u00e4nen aktiv.<\/p>\n<a class=\"timeline-express-read-more-link\" href=\"https:\/\/schulz-hygiene.de\/?te_announcements=schulz-gmbh-ein-neubau-der-den-weg-fuer-zukuenftigen-erfolg-ebnete\"> Read more<\/a>\t\t<\/div>\n\t\t<!-- End Announcement Excerpt -->\n\n\t\t\n\t<\/div>\n\t<!-- End Timeline Content -->\n\n<\/div>\n<!-- End Timeline Block -->\n\n<div class=\"cd-timeline-block september 23 1980 announcement-no-image announcement-131\">\n\n\t\n\t\t<a class=\"cd-timeline-icon-link\" href=\"https:\/\/schulz-hygiene.de\/?te_announcements=ausweitung-des-geschaeftsbereiches\">\n\n\t\t\t\n\t\t<div class=\"cd-timeline-img cd-picture\" style=\"background:#007bff;\">\n\n\t\t\t<!-- Custom Action Hook -->\n\t\t\t\n\t\t\t\t<!-- Standard Font Awesome Icon -->\n\t\t\t\t<span class=\"fa fa-expand\" title=\"Ausweitung des Gesch\u00e4ftsbereiches\"><\/span>\n\n\t\t\t\n\t\t<\/div> <!-- cd-timeline-img -->\n\n\t\n\t\t<\/a>\n\n\t\t\n\t<!-- Timeline Content -->\n\t<div class=\"cd-timeline-content\">\n\n\t\t\n\t\t<!-- Announcement Title -->\n\t\t<div class=\"cd-timeline-title-container\">\n\n\t\t\t\n\t\t\t<h2 class=\"cd-timeline-item-title\">\n\t\t\t\tAusweitung des Gesch\u00e4ftsbereiches\t\t\t<\/h2>\n\n\t\t\t\t\t\t\t<p class=\"timeline-date\">\n\t\t\t\t\tSeptember 23, 1980\t\t\t\t<\/p>\n\t\t\t\t\t\t<\/div>\n\t\t<!-- End Announcement Title -->\n\n\t\t\n\t\t<!-- Announcement Excerpt -->\n\t\t<div class=\"the-excerpt\">\n\t\t\t<p>Im Jahr 1980 erfuhr &#8222;Haus- und Hygienetechnik&#8220; eine bedeutende Weiterentwicklung. Die Firma intensivierte ihre Dienstleistungen im Bereich Wartung und Reparatur von Desinfektionsmitteldosieranlagen. Diese strategische Neuausrichtung machte den Service zu einem zentralen Gesch\u00e4ftsfeld. Die Entscheidung, diesen Bereich zu erweitern, kam nicht von ungef\u00e4hr. Der Bedarf an qualifiziertem Service in diesem Sektor stieg stetig an. Krankenh\u00e4user, Pflegeeinrichtungen und andere Institutionen suchten verst\u00e4rkt nach zuverl\u00e4ssigen Partnern. &#8222;Haus- und Hygienetechnik&#8220; reagierte auf diese Nachfrage mit h\u00f6chster Professionalit\u00e4t und technischem Know-how. Das verst\u00e4rkte Engagement in der Wartung und Reparatur von Desinfektionsmitteldosieranlagen trug zur Aufrechterhaltung hoher Hygienestandards bei. Diese Leistungen waren essentiell f\u00fcr die Pr\u00e4vention von Infektionen und die Sicherstellung der \u00f6ffentlichen Gesundheit. Das Unternehmen baute so seine Rolle als unverzichtbarer Partner im Gesundheitswesen aus. Durch die Spezialisierung auf diesen Dienstleistungsbereich konnte &#8222;Haus- und Hygienetechnik&#8220; nicht nur seine Marktposition festigen&#8230;.<\/p>\n<a class=\"timeline-express-read-more-link\" href=\"https:\/\/schulz-hygiene.de\/?te_announcements=ausweitung-des-geschaeftsbereiches\"> Read more<\/a>\t\t<\/div>\n\t\t<!-- End Announcement Excerpt -->\n\n\t\t\n\t<\/div>\n\t<!-- End Timeline Content -->\n\n<\/div>\n<!-- End Timeline Block -->\n\n<div class=\"cd-timeline-block mai 18 1987 announcement-no-image announcement-137\">\n\n\t\n\t\t<a class=\"cd-timeline-icon-link\" href=\"https:\/\/schulz-hygiene.de\/?te_announcements=neue-bereiche\">\n\n\t\t\t\n\t\t<div class=\"cd-timeline-img cd-picture\" style=\"background:#007bff;\">\n\n\t\t\t<!-- Custom Action Hook -->\n\t\t\t\n\t\t\t\t<!-- Standard Font Awesome Icon -->\n\t\t\t\t<span class=\"fa fa-circle-o\" title=\"Neue Bereiche\"><\/span>\n\n\t\t\t\n\t\t<\/div> <!-- cd-timeline-img -->\n\n\t\n\t\t<\/a>\n\n\t\t\n\t<!-- Timeline Content -->\n\t<div class=\"cd-timeline-content\">\n\n\t\t\n\t\t<!-- Announcement Title -->\n\t\t<div class=\"cd-timeline-title-container\">\n\n\t\t\t\n\t\t\t<h2 class=\"cd-timeline-item-title\">\n\t\t\t\tNeue Bereiche\t\t\t<\/h2>\n\n\t\t\t\t\t\t\t<p class=\"timeline-date\">\n\t\t\t\t\tMai 18, 1987\t\t\t\t<\/p>\n\t\t\t\t\t\t<\/div>\n\t\t<!-- End Announcement Title -->\n\n\t\t\n\t\t<!-- Announcement Excerpt -->\n\t\t<div class=\"the-excerpt\">\n\t\t\t<p>In einer teilweisen \u00c4nderung des Firmenprofils erweiterte &#8222;Haus- und Hygienetechnik&#8220; ihr Dienstleistungsangebot um den Bereich Gartentechnik. Diese strategische Entscheidung stellte eine Diversifizierung des Unternehmens dar und er\u00f6ffnete neue M\u00f6glichkeiten f\u00fcr Kunden. Neben den bestehenden Fachgebieten etablierte sich die Firma nun auch als kompetenter Ansprechpartner f\u00fcr hochwertige Gartentechnikl\u00f6sungen.<\/p>\n<a class=\"timeline-express-read-more-link\" href=\"https:\/\/schulz-hygiene.de\/?te_announcements=neue-bereiche\"> Read more<\/a>\t\t<\/div>\n\t\t<!-- End Announcement Excerpt -->\n\n\t\t\n\t<\/div>\n\t<!-- End Timeline Content -->\n\n<\/div>\n<!-- End Timeline Block -->\n\n<div class=\"cd-timeline-block april 23 1988 announcement-no-image announcement-133\">\n\n\t\n\t\t<a class=\"cd-timeline-icon-link\" href=\"https:\/\/schulz-hygiene.de\/?te_announcements=gmbh\">\n\n\t\t\t\n\t\t<div class=\"cd-timeline-img cd-picture\" style=\"background:#007bff;\">\n\n\t\t\t<!-- Custom Action Hook -->\n\t\t\t\n\t\t\t\t<!-- Standard Font Awesome Icon -->\n\t\t\t\t<span class=\"fa fa-circle-o\" title=\"GmbH\"><\/span>\n\n\t\t\t\n\t\t<\/div> <!-- cd-timeline-img -->\n\n\t\n\t\t<\/a>\n\n\t\t\n\t<!-- Timeline Content -->\n\t<div class=\"cd-timeline-content\">\n\n\t\t\n\t\t<!-- Announcement Title -->\n\t\t<div class=\"cd-timeline-title-container\">\n\n\t\t\t\n\t\t\t<h2 class=\"cd-timeline-item-title\">\n\t\t\t\tGmbH\t\t\t<\/h2>\n\n\t\t\t\t\t\t\t<p class=\"timeline-date\">\n\t\t\t\t\tApril 23, 1988\t\t\t\t<\/p>\n\t\t\t\t\t\t<\/div>\n\t\t<!-- End Announcement Title -->\n\n\t\t\n\t\t<!-- Announcement Excerpt -->\n\t\t<div class=\"the-excerpt\">\n\t\t\t<p>Nach der Eintragung in das deutsche Handelsregister ist &#8222;Haus- und Hygienetechnik&#8220; ab diesem Zeitpunkt eine Gesellschaft mit beschr\u00e4nkter Haftung (GmbH). Diese rechtliche Umwandlung bietet nicht nur eine verbesserte rechtliche Struktur, sondern st\u00e4rkt auch das Vertrauen von Kunden und Gesch\u00e4ftspartnern in die Zuverl\u00e4ssigkeit und Stabilit\u00e4t des Unternehmens.<\/p>\n<a class=\"timeline-express-read-more-link\" href=\"https:\/\/schulz-hygiene.de\/?te_announcements=gmbh\"> Read more<\/a>\t\t<\/div>\n\t\t<!-- End Announcement Excerpt -->\n\n\t\t\n\t<\/div>\n\t<!-- End Timeline Content -->\n\n<\/div>\n<!-- End Timeline Block -->\n\n<div class=\"cd-timeline-block juni 01 1991 announcement-no-image announcement-138\">\n\n\t\n\t\t<a class=\"cd-timeline-icon-link\" href=\"https:\/\/schulz-hygiene.de\/?te_announcements=neue-leitung\">\n\n\t\t\t\n\t\t<div class=\"cd-timeline-img cd-picture\" style=\"background:#007bff;\">\n\n\t\t\t<!-- Custom Action Hook -->\n\t\t\t\n\t\t\t\t<!-- Standard Font Awesome Icon -->\n\t\t\t\t<span class=\"fa fa-circle-o\" title=\"Hartmut Schulz \u00fcbernimmt die Gesch\u00e4ftsleitung\"><\/span>\n\n\t\t\t\n\t\t<\/div> <!-- cd-timeline-img -->\n\n\t\n\t\t<\/a>\n\n\t\t\n\t<!-- Timeline Content -->\n\t<div class=\"cd-timeline-content\">\n\n\t\t\n\t\t<!-- Announcement Title -->\n\t\t<div class=\"cd-timeline-title-container\">\n\n\t\t\t\n\t\t\t<h2 class=\"cd-timeline-item-title\">\n\t\t\t\tHartmut Schulz \u00fcbernimmt die Gesch\u00e4ftsleitung\t\t\t<\/h2>\n\n\t\t\t\t\t\t\t<p class=\"timeline-date\">\n\t\t\t\t\tJuni 1, 1991\t\t\t\t<\/p>\n\t\t\t\t\t\t<\/div>\n\t\t<!-- End Announcement Title -->\n\n\t\t\n\t\t<!-- Announcement Excerpt -->\n\t\t<div class=\"the-excerpt\">\n\t\t\t<p>Mit der \u00dcbernahme der Gesch\u00e4ftsleitung durch Hartmut Schulz tritt eine neue \u00c4ra f\u00fcr die Schulz GmbH ein. Unter seiner F\u00fchrung setzt das Unternehmen seinen Kurs der Innovation und Kontinuit\u00e4t fort. Diese strategische Entscheidung festigt nicht nur die Unternehmensf\u00fchrung, sondern st\u00e4rkt auch das Engagement f\u00fcr Exzellenz und Wachstum in der Branche.<\/p>\n<a class=\"timeline-express-read-more-link\" href=\"https:\/\/schulz-hygiene.de\/?te_announcements=neue-leitung\"> Read more<\/a>\t\t<\/div>\n\t\t<!-- End Announcement Excerpt -->\n\n\t\t\n\t<\/div>\n\t<!-- End Timeline Content -->\n\n<\/div>\n<!-- End Timeline Block -->\n\n<div class=\"cd-timeline-block januar 01 2001 announcement-no-image announcement-136\">\n\n\t\n\t\t<a class=\"cd-timeline-icon-link\" href=\"https:\/\/schulz-hygiene.de\/?te_announcements=hygienetechnik-und-hygieneservice\">\n\n\t\t\t\n\t\t<div class=\"cd-timeline-img cd-picture\" style=\"background:#007bff;\">\n\n\t\t\t<!-- Custom Action Hook -->\n\t\t\t\n\t\t\t\t<!-- Standard Font Awesome Icon -->\n\t\t\t\t<span class=\"fa fa-history\" title=\"Hygienetechnik und Hygieneservice\"><\/span>\n\n\t\t\t\n\t\t<\/div> <!-- cd-timeline-img -->\n\n\t\n\t\t<\/a>\n\n\t\t\n\t<!-- Timeline Content -->\n\t<div class=\"cd-timeline-content\">\n\n\t\t\n\t\t<!-- Announcement Title -->\n\t\t<div class=\"cd-timeline-title-container\">\n\n\t\t\t\n\t\t\t<h2 class=\"cd-timeline-item-title\">\n\t\t\t\tHygienetechnik und Hygieneservice\t\t\t<\/h2>\n\n\t\t\t\t\t\t\t<p class=\"timeline-date\">\n\t\t\t\t\tJanuar 1, 2001\t\t\t\t<\/p>\n\t\t\t\t\t\t<\/div>\n\t\t<!-- End Announcement Title -->\n\n\t\t\n\t\t<!-- Announcement Excerpt -->\n\t\t<div class=\"the-excerpt\">\n\t\t\t<p>Die Schulz GmbH setzt eine strategische Neuausrichtung um, indem sie den Gesch\u00e4ftsbereich Gartentechnik aufgibt. Stattdessen konzentriert sich das Unternehmen fortan auf die Bereiche Hygienetechnik und Hygieneservice. Eine wegweisende Entscheidung, die nicht nur die Effizienz steigert, sondern auch die Kernkompetenzen st\u00e4rkt. Ein weiterer Meilenstein ist die Serienfertigung von Desinfektionsmittelger\u00e4ten, die nun beginnt. Damit reagiert die Schulz GmbH auf die steigende Nachfrage nach hochwertigen Hygienel\u00f6sungen und unterstreicht ihre Position als Vorreiter in der Branche.<\/p>\n<a class=\"timeline-express-read-more-link\" href=\"https:\/\/schulz-hygiene.de\/?te_announcements=hygienetechnik-und-hygieneservice\"> Read more<\/a>\t\t<\/div>\n\t\t<!-- End Announcement Excerpt -->\n\n\t\t\n\t<\/div>\n\t<!-- End Timeline Content -->\n\n<\/div>\n<!-- End Timeline Block -->\n\n<div class=\"cd-timeline-block juli 01 2001 announcement-no-image announcement-139\">\n\n\t\n\t\t<a class=\"cd-timeline-icon-link\" href=\"https:\/\/schulz-hygiene.de\/?te_announcements=wachstum-und-innovation-schulz-gmbh-eroeffnet-neuen-standort-in-greifswald-und-beginnt-serienfertigung-von-desinfektionsmittelgeraeten\">\n\n\t\t\t\n\t\t<div class=\"cd-timeline-img cd-picture\" style=\"background:#007bff;\">\n\n\t\t\t<!-- Custom Action Hook -->\n\t\t\t\n\t\t\t\t<!-- Standard Font Awesome Icon -->\n\t\t\t\t<span class=\"fa fa-circle-o\" title=\"Standort Greifswald\"><\/span>\n\n\t\t\t\n\t\t<\/div> <!-- cd-timeline-img -->\n\n\t\n\t\t<\/a>\n\n\t\t\n\t<!-- Timeline Content -->\n\t<div class=\"cd-timeline-content\">\n\n\t\t\n\t\t<!-- Announcement Title -->\n\t\t<div class=\"cd-timeline-title-container\">\n\n\t\t\t\n\t\t\t<h2 class=\"cd-timeline-item-title\">\n\t\t\t\tStandort Greifswald\t\t\t<\/h2>\n\n\t\t\t\t\t\t\t<p class=\"timeline-date\">\n\t\t\t\t\tJuli 1, 2001\t\t\t\t<\/p>\n\t\t\t\t\t\t<\/div>\n\t\t<!-- End Announcement Title -->\n\n\t\t\n\t\t<!-- Announcement Excerpt -->\n\t\t<div class=\"the-excerpt\">\n\t\t\t<p>Die Schulz GmbH verzeichnet einen bedeutenden Meilenstein in ihrer Geschichte mit der Er\u00f6ffnung eines neuen Standorts in Greifswald. Diese Expansion ist ein klares Zeichen f\u00fcr das anhaltende Wachstum und die strategische Ausrichtung des Unternehmens. Der neue Standort st\u00e4rkt nicht nur die regionale Pr\u00e4senz, sondern bietet auch M\u00f6glichkeiten f\u00fcr zuk\u00fcnftige Entwicklung und Kundenbetreuung. Gleichzeitig beginnt die Schulz GmbH mit der Serienfertigung von Desinfektionsmittelger\u00e4ten, was einen weiteren Schritt in Richtung Innovation und Qualit\u00e4t darstellt. Durch die interne Produktion kann das Unternehmen seine Kontrolle \u00fcber den Herstellungsprozess verbessern und sicherstellen, dass seine Produkte h\u00f6chsten Standards entsprechen.<\/p>\n<a class=\"timeline-express-read-more-link\" href=\"https:\/\/schulz-hygiene.de\/?te_announcements=wachstum-und-innovation-schulz-gmbh-eroeffnet-neuen-standort-in-greifswald-und-beginnt-serienfertigung-von-desinfektionsmittelgeraeten\"> Read more<\/a>\t\t<\/div>\n\t\t<!-- End Announcement Excerpt -->\n\n\t\t\n\t<\/div>\n\t<!-- End Timeline Content -->\n\n<\/div>\n<!-- End Timeline Block -->\n\n<div class=\"cd-timeline-block august 01 2005 announcement-no-image announcement-140\">\n\n\t\n\t\t<a class=\"cd-timeline-icon-link\" href=\"https:\/\/schulz-hygiene.de\/?te_announcements=zertifizierung-der-firma-schulz-gmbh\">\n\n\t\t\t\n\t\t<div class=\"cd-timeline-img cd-picture\" style=\"background:#007bff;\">\n\n\t\t\t<!-- Custom Action Hook -->\n\t\t\t\n\t\t\t\t<!-- Standard Font Awesome Icon -->\n\t\t\t\t<span class=\"fa fa-circle-o\" title=\"Zertifizierung der Firma Schulz GmbH\"><\/span>\n\n\t\t\t\n\t\t<\/div> <!-- cd-timeline-img -->\n\n\t\n\t\t<\/a>\n\n\t\t\n\t<!-- Timeline Content -->\n\t<div class=\"cd-timeline-content\">\n\n\t\t\n\t\t<!-- Announcement Title -->\n\t\t<div class=\"cd-timeline-title-container\">\n\n\t\t\t\n\t\t\t<h2 class=\"cd-timeline-item-title\">\n\t\t\t\tZertifizierung der Firma Schulz GmbH\t\t\t<\/h2>\n\n\t\t\t\t\t\t\t<p class=\"timeline-date\">\n\t\t\t\t\tAugust 1, 2005\t\t\t\t<\/p>\n\t\t\t\t\t\t<\/div>\n\t\t<!-- End Announcement Title -->\n\n\t\t\n\t\t<!-- Announcement Excerpt -->\n\t\t<div class=\"the-excerpt\">\n\t\t\t<p>Die Schulz GmbH erreicht einen bedeutenden Meilenstein, indem sie das ISO 9001-Zertifikat f\u00fcr ihre Bereiche Entwicklung, Herstellung, Service, Reparatur und Vertrieb von Dosiersystemen sowie f\u00fcr die hygienische und technische Wartung von Klimaanlagen erh\u00e4lt. Diese Zertifizierung best\u00e4tigt das Engagement des Unternehmens f\u00fcr Qualit\u00e4t und Kundenzufriedenheit auf h\u00f6chstem Niveau. Die Anerkennung durch die ISO 9001 unterstreicht die kontinuierlichen Bem\u00fchungen der Schulz GmbH, ihre Prozesse zu optimieren und Standards zu erf\u00fcllen, die weltweit anerkannt sind. Kunden k\u00f6nnen sich darauf verlassen, dass sie von einem Unternehmen unterst\u00fctzt werden, das sich nach den strengsten Qualit\u00e4tsstandards richtet und kontinuierlich bestrebt ist, seine Leistung zu verbessern.<\/p>\n<a class=\"timeline-express-read-more-link\" href=\"https:\/\/schulz-hygiene.de\/?te_announcements=zertifizierung-der-firma-schulz-gmbh\"> Read more<\/a>\t\t<\/div>\n\t\t<!-- End Announcement Excerpt -->\n\n\t\t\n\t<\/div>\n\t<!-- End Timeline Content -->\n\n<\/div>\n<!-- End Timeline Block -->\n\n\t\t\t<\/section>\n\n\t\t\t<!-- Timeline Express Free v1.8.1 | Site: https:\/\/www.wp-timelineexpress.com | Author: CodeParrots - http:\/\/www.codeparrots.com -->\n","protected":false},"excerpt":{"rendered":"","protected":false},"author":3,"featured_media":0,"parent":0,"menu_order":0,"comment_status":"closed","ping_status":"closed","template":"","meta":{"footnotes":""},"class_list":["post-81","page","type-page","status-publish","hentry"],"yoast_head":"<!-- This site is optimized with the Yoast SEO plugin v27.3 - https:\/\/yoast.com\/product\/yoast-seo-wordpress\/ -->\n<title>Historie - Schulz GmbH - Hygiene Service &amp; Technik<\/title>\n<meta name=\"description\" content=\"Der f\u00fchrenden Hersteller von Desinfektionsmittel - Dosierger\u00e4ten \u25ba 50 Jahre Fachkompetenz in der Beratung, Reinigung, Desinfektion, \u00dcberpr\u00fcfung und Messung ein.\" \/>\n<meta name=\"robots\" content=\"index, follow, max-snippet:-1, max-image-preview:large, max-video-preview:-1\" \/>\n<link rel=\"canonical\" href=\"https:\/\/schulz-hygiene.de\/?page_id=81\" \/>\n<meta property=\"og:locale\" content=\"de_DE\" \/>\n<meta property=\"og:type\" content=\"article\" \/>\n<meta property=\"og:title\" content=\"Historie - Schulz GmbH - Hygiene Service &amp; Technik\" \/>\n<meta property=\"og:description\" content=\"Der f\u00fchrenden Hersteller von Desinfektionsmittel - Dosierger\u00e4ten \u25ba 50 Jahre Fachkompetenz in der Beratung, Reinigung, Desinfektion, \u00dcberpr\u00fcfung und Messung ein.\" \/>\n<meta property=\"og:url\" content=\"https:\/\/schulz-hygiene.de\/?page_id=81\" \/>\n<meta property=\"og:site_name\" content=\"Schulz GmbH - Hygiene Service &amp; Technik\" \/>\n<meta name=\"twitter:card\" content=\"summary_large_image\" \/>\n<script type=\"application\/ld+json\" class=\"yoast-schema-graph\">{\"@context\":\"https:\\\/\\\/schema.org\",\"@graph\":[{\"@type\":\"WebPage\",\"@id\":\"https:\\\/\\\/schulz-hygiene.de\\\/?page_id=81\",\"url\":\"https:\\\/\\\/schulz-hygiene.de\\\/?page_id=81\",\"name\":\"Historie - Schulz GmbH - Hygiene Service &amp; Technik\",\"isPartOf\":{\"@id\":\"https:\\\/\\\/schulz-hygiene.de\\\/#website\"},\"datePublished\":\"2018-05-07T15:13:00+00:00\",\"description\":\"Der f\u00fchrenden Hersteller von Desinfektionsmittel - Dosierger\u00e4ten \u25ba 50 Jahre Fachkompetenz in der Beratung, Reinigung, Desinfektion, \u00dcberpr\u00fcfung und Messung ein.\",\"breadcrumb\":{\"@id\":\"https:\\\/\\\/schulz-hygiene.de\\\/?page_id=81#breadcrumb\"},\"inLanguage\":\"de\",\"potentialAction\":[{\"@type\":\"ReadAction\",\"target\":[\"https:\\\/\\\/schulz-hygiene.de\\\/?page_id=81\"]}]},{\"@type\":\"BreadcrumbList\",\"@id\":\"https:\\\/\\\/schulz-hygiene.de\\\/?page_id=81#breadcrumb\",\"itemListElement\":[{\"@type\":\"ListItem\",\"position\":1,\"name\":\"Startseite\",\"item\":\"https:\\\/\\\/schulz-hygiene.de\\\/\"},{\"@type\":\"ListItem\",\"position\":2,\"name\":\"Historie\"}]},{\"@type\":\"WebSite\",\"@id\":\"https:\\\/\\\/schulz-hygiene.de\\\/#website\",\"url\":\"https:\\\/\\\/schulz-hygiene.de\\\/\",\"name\":\"Schulz GmbH - Hygiene Service &amp; Technik\",\"description\":\"Hygiene-Service &amp; Hygiene-Technik f\u00fcr Unternehmen \u2013 Die Schulz GmbH steht f\u00fcr Kompetenz, Innovation &amp; Qualit\u00e4t seit \u00fcber 50 Jahren.\",\"publisher\":{\"@id\":\"https:\\\/\\\/schulz-hygiene.de\\\/#organization\"},\"potentialAction\":[{\"@type\":\"SearchAction\",\"target\":{\"@type\":\"EntryPoint\",\"urlTemplate\":\"https:\\\/\\\/schulz-hygiene.de\\\/?s={search_term_string}\"},\"query-input\":{\"@type\":\"PropertyValueSpecification\",\"valueRequired\":true,\"valueName\":\"search_term_string\"}}],\"inLanguage\":\"de\"},{\"@type\":\"Organization\",\"@id\":\"https:\\\/\\\/schulz-hygiene.de\\\/#organization\",\"name\":\"Schulz GmbH - Hygiene & Servicetechnik\",\"url\":\"https:\\\/\\\/schulz-hygiene.de\\\/\",\"logo\":{\"@type\":\"ImageObject\",\"inLanguage\":\"de\",\"@id\":\"https:\\\/\\\/schulz-hygiene.de\\\/#\\\/schema\\\/logo\\\/image\\\/\",\"url\":\"https:\\\/\\\/schulz-hygiene.de\\\/wp-content\\\/uploads\\\/2020\\\/03\\\/loginlogo_ff205.png\",\"contentUrl\":\"https:\\\/\\\/schulz-hygiene.de\\\/wp-content\\\/uploads\\\/2020\\\/03\\\/loginlogo_ff205.png\",\"width\":256,\"height\":64,\"caption\":\"Schulz GmbH - Hygiene & Servicetechnik\"},\"image\":{\"@id\":\"https:\\\/\\\/schulz-hygiene.de\\\/#\\\/schema\\\/logo\\\/image\\\/\"}}]}<\/script>\n<!-- \/ Yoast SEO plugin. -->","yoast_head_json":{"title":"Historie - Schulz GmbH - Hygiene Service &amp; Technik","description":"Der f\u00fchrenden Hersteller von Desinfektionsmittel - Dosierger\u00e4ten \u25ba 50 Jahre Fachkompetenz in der Beratung, Reinigung, Desinfektion, \u00dcberpr\u00fcfung und Messung ein.","robots":{"index":"index","follow":"follow","max-snippet":"max-snippet:-1","max-image-preview":"max-image-preview:large","max-video-preview":"max-video-preview:-1"},"canonical":"https:\/\/schulz-hygiene.de\/?page_id=81","og_locale":"de_DE","og_type":"article","og_title":"Historie - Schulz GmbH - Hygiene Service &amp; Technik","og_description":"Der f\u00fchrenden Hersteller von Desinfektionsmittel - Dosierger\u00e4ten \u25ba 50 Jahre Fachkompetenz in der Beratung, Reinigung, Desinfektion, \u00dcberpr\u00fcfung und Messung ein.","og_url":"https:\/\/schulz-hygiene.de\/?page_id=81","og_site_name":"Schulz GmbH - Hygiene Service &amp; Technik","twitter_card":"summary_large_image","schema":{"@context":"https:\/\/schema.org","@graph":[{"@type":"WebPage","@id":"https:\/\/schulz-hygiene.de\/?page_id=81","url":"https:\/\/schulz-hygiene.de\/?page_id=81","name":"Historie - Schulz GmbH - Hygiene Service &amp; Technik","isPartOf":{"@id":"https:\/\/schulz-hygiene.de\/#website"},"datePublished":"2018-05-07T15:13:00+00:00","description":"Der f\u00fchrenden Hersteller von Desinfektionsmittel - Dosierger\u00e4ten \u25ba 50 Jahre Fachkompetenz in der Beratung, Reinigung, Desinfektion, \u00dcberpr\u00fcfung und Messung ein.","breadcrumb":{"@id":"https:\/\/schulz-hygiene.de\/?page_id=81#breadcrumb"},"inLanguage":"de","potentialAction":[{"@type":"ReadAction","target":["https:\/\/schulz-hygiene.de\/?page_id=81"]}]},{"@type":"BreadcrumbList","@id":"https:\/\/schulz-hygiene.de\/?page_id=81#breadcrumb","itemListElement":[{"@type":"ListItem","position":1,"name":"Startseite","item":"https:\/\/schulz-hygiene.de\/"},{"@type":"ListItem","position":2,"name":"Historie"}]},{"@type":"WebSite","@id":"https:\/\/schulz-hygiene.de\/#website","url":"https:\/\/schulz-hygiene.de\/","name":"Schulz GmbH - Hygiene Service &amp; Technik","description":"Hygiene-Service &amp; Hygiene-Technik f\u00fcr Unternehmen \u2013 Die Schulz GmbH steht f\u00fcr Kompetenz, Innovation &amp; Qualit\u00e4t seit \u00fcber 50 Jahren.","publisher":{"@id":"https:\/\/schulz-hygiene.de\/#organization"},"potentialAction":[{"@type":"SearchAction","target":{"@type":"EntryPoint","urlTemplate":"https:\/\/schulz-hygiene.de\/?s={search_term_string}"},"query-input":{"@type":"PropertyValueSpecification","valueRequired":true,"valueName":"search_term_string"}}],"inLanguage":"de"},{"@type":"Organization","@id":"https:\/\/schulz-hygiene.de\/#organization","name":"Schulz GmbH - Hygiene & Servicetechnik","url":"https:\/\/schulz-hygiene.de\/","logo":{"@type":"ImageObject","inLanguage":"de","@id":"https:\/\/schulz-hygiene.de\/#\/schema\/logo\/image\/","url":"https:\/\/schulz-hygiene.de\/wp-content\/uploads\/2020\/03\/loginlogo_ff205.png","contentUrl":"https:\/\/schulz-hygiene.de\/wp-content\/uploads\/2020\/03\/loginlogo_ff205.png","width":256,"height":64,"caption":"Schulz GmbH - Hygiene & Servicetechnik"},"image":{"@id":"https:\/\/schulz-hygiene.de\/#\/schema\/logo\/image\/"}}]}},"_links":{"self":[{"href":"https:\/\/schulz-hygiene.de\/index.php?rest_route=\/wp\/v2\/pages\/81","targetHints":{"allow":["GET"]}}],"collection":[{"href":"https:\/\/schulz-hygiene.de\/index.php?rest_route=\/wp\/v2\/pages"}],"about":[{"href":"https:\/\/schulz-hygiene.de\/index.php?rest_route=\/wp\/v2\/types\/page"}],"author":[{"embeddable":true,"href":"https:\/\/schulz-hygiene.de\/index.php?rest_route=\/wp\/v2\/users\/3"}],"replies":[{"embeddable":true,"href":"https:\/\/schulz-hygiene.de\/index.php?rest_route=%2Fwp%2Fv2%2Fcomments&post=81"}],"version-history":[{"count":1,"href":"https:\/\/schulz-hygiene.de\/index.php?rest_route=\/wp\/v2\/pages\/81\/revisions"}],"predecessor-version":[{"id":82,"href":"https:\/\/schulz-hygiene.de\/index.php?rest_route=\/wp\/v2\/pages\/81\/revisions\/82"}],"wp:attachment":[{"href":"https:\/\/schulz-hygiene.de\/index.php?rest_route=%2Fwp%2Fv2%2Fmedia&parent=81"}],"curies":[{"name":"wp","href":"https:\/\/api.w.org\/{rel}","templated":true}]}}