{"id":83,"date":"2018-05-07T15:13:40","date_gmt":"2018-05-07T15:13:40","guid":{"rendered":"https:\/\/schulz-hygiene.de\/?page_id=83"},"modified":"2023-12-11T11:30:37","modified_gmt":"2023-12-11T11:30:37","slug":"impressum","status":"publish","type":"page","link":"https:\/\/schulz-hygiene.de\/?page_id=83","title":{"rendered":"Impressum"},"content":{"rendered":"<table>\n<tbody>\n<tr>\n<td width=\"604\"><strong>Anschrift:<\/strong><\/td>\n<\/tr>\n<tr>\n<td width=\"604\">Schulz GmbH<\/td>\n<\/tr>\n<tr>\n<td width=\"604\">Hygienetechnik-Hygieneservice<\/td>\n<\/tr>\n<tr>\n<td width=\"604\">Am Rottland 4<\/td>\n<\/tr>\n<tr>\n<td width=\"604\">58540 Meinerzhagen<\/td>\n<\/tr>\n<tr>\n<td width=\"604\">\n<pre><\/pre>\n<\/td>\n<\/tr>\n<tr>\n<td width=\"604\"><strong>Vertreten durch den Gesch\u00e4ftsf\u00fchrer:<\/strong><\/td>\n<\/tr>\n<tr>\n<td width=\"604\">Hartmut Schulz<\/td>\n<\/tr>\n<tr>\n<td width=\"604\">\n<pre><\/pre>\n<\/td>\n<\/tr>\n<tr>\n<td width=\"604\"><strong>Telefon:<\/strong><\/td>\n<\/tr>\n<tr>\n<td width=\"604\">02354 902934<\/td>\n<\/tr>\n<tr>\n<td width=\"604\">\n<pre><\/pre>\n<\/td>\n<\/tr>\n<tr>\n<td width=\"604\"><strong>Fax:<\/strong><\/td>\n<\/tr>\n<tr>\n<td width=\"604\">02354 902935<\/td>\n<\/tr>\n<tr>\n<td width=\"604\">\n<pre><\/pre>\n<\/td>\n<\/tr>\n<tr>\n<td width=\"604\"><strong>E-Mail:<\/strong><\/td>\n<\/tr>\n<tr>\n<td width=\"604\">info@schulz-hygiene.de<\/td>\n<\/tr>\n<tr>\n<td width=\"604\">\n<pre><\/pre>\n<\/td>\n<\/tr>\n<tr>\n<td width=\"604\"><strong>Eingetragen im:<\/strong><\/td>\n<\/tr>\n<tr>\n<td width=\"604\">Amtsgericht Iserlohn HRB 3375<\/td>\n<\/tr>\n<tr>\n<td width=\"604\">\n<pre><\/pre>\n<\/td>\n<\/tr>\n<tr>\n<td width=\"604\"><strong>Steuer-Nummer:<\/strong><\/td>\n<\/tr>\n<tr>\n<td width=\"604\">332\/5779\/0350<\/td>\n<\/tr>\n<tr>\n<td width=\"604\">\n<pre><\/pre>\n<\/td>\n<\/tr>\n<tr>\n<td width=\"604\"><strong>WEEE-Reg-Nr.:<\/strong><\/td>\n<\/tr>\n<tr>\n<td width=\"604\">38774212<\/td>\n<\/tr>\n<tr>\n<td width=\"604\">\n<pre><\/pre>\n<\/td>\n<\/tr>\n<tr>\n<td width=\"604\"><strong>Inhaltlich Verantwortlicher gem\u00e4\u00df \u00a7 6 MDStV ist der Gesch\u00e4ftsf\u00fchrer<\/strong><\/td>\n<\/tr>\n<tr>\n<td width=\"604\">Hartmut Schulz<\/td>\n<\/tr>\n<tr>\n<td width=\"604\">\n<pre><\/pre>\n<\/td>\n<\/tr>\n<tr>\n<td width=\"604\"><strong>Haftungs-, Urheberrechts- und Datenschutzhinweis:<\/strong><\/td>\n<\/tr>\n<tr>\n<td width=\"604\">Bei dem Inhalt unserer Internetseiten handelt es sich um urheberrechtlich gesch\u00fctzte Werke. Hartmut Schulz gestattet die \u00dcbernahme von Texten in Datenbest\u00e4nde, die ausschlie\u00dflich f\u00fcr den privaten Gebrauch eines Nutzers bestimmt sind. Die \u00dcbernahme und Nutzung der Daten zu anderen Zwecken bedarf der schriftlichen Zustimmung der Partei.<\/td>\n<\/tr>\n<tr>\n<td width=\"604\">\n<pre><\/pre>\n<\/td>\n<\/tr>\n<tr>\n<td width=\"604\">Im Rahmen unseres Dienstes werden auch Links zu Internetinhalten anderer Anbieter bereitgestellt. Auf den Inhalt dieser Seiten haben wir keinen Einfluss; f\u00fcr den Inhalt ist ausschlie\u00dflich der Betreiber der anderen Website verantwortlich. Trotz der \u00dcberpr\u00fcfung der Inhalte im gesetzlich gebotenen Rahmen m\u00fcssen wir daher jede Verantwortung f\u00fcr den Inhalt dieser Links bzw. der verlinkten Seite ablehnen.<\/td>\n<\/tr>\n<\/tbody>\n<\/table>\n","protected":false},"excerpt":{"rendered":"Anschrift: Schulz GmbH Hygienetechnik-Hygieneservice Am Rottland 4 58540 Meinerzhagen Vertreten durch den Gesch\u00e4ftsf\u00fchrer: Hartmut Schulz Telefon: 02354 902934 Fax: 02354 902935 E-Mail: info@schulz-hygiene.de Eingetragen im: Amtsgericht Iserlohn HRB 3375 Steuer-Nummer: 332\/5779\/0350 WEEE-Reg-Nr.: 38774212 Inhaltlich Verantwortlicher gem\u00e4\u00df \u00a7 6 MDStV ist der Gesch\u00e4ftsf\u00fchrer Hartmut Schulz Haftungs-, Urheberrechts- und Datenschutzhinweis: Bei dem Inhalt unserer Internetseiten handelt es [&hellip;]","protected":false},"author":3,"featured_media":0,"parent":0,"menu_order":0,"comment_status":"closed","ping_status":"closed","template":"","meta":{"footnotes":""},"class_list":["post-83","page","type-page","status-publish","hentry"],"yoast_head":"<!-- This site is optimized with the Yoast SEO plugin v27.3 - https:\/\/yoast.com\/product\/yoast-seo-wordpress\/ -->\n<title>Impressum - Schulz GmbH - Hygiene Service &amp; Technik<\/title>\n<meta name=\"description\" content=\"Der f\u00fchrenden Hersteller von Desinfektionsmittel - Dosierger\u00e4ten \u25ba 50 Jahre Fachkompetenz in der Beratung, Reinigung, Desinfektion, \u00dcberpr\u00fcfung und Messung ein.\" \/>\n<meta name=\"robots\" content=\"index, follow, max-snippet:-1, max-image-preview:large, max-video-preview:-1\" \/>\n<link rel=\"canonical\" href=\"https:\/\/schulz-hygiene.de\/?page_id=83\" \/>\n<meta property=\"og:locale\" content=\"de_DE\" \/>\n<meta property=\"og:type\" content=\"article\" \/>\n<meta property=\"og:title\" content=\"Impressum - Schulz GmbH - Hygiene Service &amp; Technik\" \/>\n<meta property=\"og:description\" content=\"Der f\u00fchrenden Hersteller von Desinfektionsmittel - Dosierger\u00e4ten \u25ba 50 Jahre Fachkompetenz in der Beratung, Reinigung, Desinfektion, \u00dcberpr\u00fcfung und Messung ein.\" \/>\n<meta property=\"og:url\" content=\"https:\/\/schulz-hygiene.de\/?page_id=83\" \/>\n<meta property=\"og:site_name\" content=\"Schulz GmbH - Hygiene Service &amp; Technik\" \/>\n<meta property=\"article:modified_time\" content=\"2023-12-11T11:30:37+00:00\" \/>\n<meta name=\"twitter:card\" content=\"summary_large_image\" \/>\n<meta name=\"twitter:label1\" content=\"Gesch\u00e4tzte Lesezeit\" \/>\n\t<meta name=\"twitter:data1\" content=\"1\u00a0Minute\" \/>\n<script type=\"application\/ld+json\" class=\"yoast-schema-graph\">{\"@context\":\"https:\\\/\\\/schema.org\",\"@graph\":[{\"@type\":\"WebPage\",\"@id\":\"https:\\\/\\\/schulz-hygiene.de\\\/?page_id=83\",\"url\":\"https:\\\/\\\/schulz-hygiene.de\\\/?page_id=83\",\"name\":\"Impressum - Schulz GmbH - Hygiene Service &amp; Technik\",\"isPartOf\":{\"@id\":\"https:\\\/\\\/schulz-hygiene.de\\\/#website\"},\"datePublished\":\"2018-05-07T15:13:40+00:00\",\"dateModified\":\"2023-12-11T11:30:37+00:00\",\"description\":\"Der f\u00fchrenden Hersteller von Desinfektionsmittel - Dosierger\u00e4ten \u25ba 50 Jahre Fachkompetenz in der Beratung, Reinigung, Desinfektion, \u00dcberpr\u00fcfung und Messung ein.\",\"breadcrumb\":{\"@id\":\"https:\\\/\\\/schulz-hygiene.de\\\/?page_id=83#breadcrumb\"},\"inLanguage\":\"de\",\"potentialAction\":[{\"@type\":\"ReadAction\",\"target\":[\"https:\\\/\\\/schulz-hygiene.de\\\/?page_id=83\"]}]},{\"@type\":\"BreadcrumbList\",\"@id\":\"https:\\\/\\\/schulz-hygiene.de\\\/?page_id=83#breadcrumb\",\"itemListElement\":[{\"@type\":\"ListItem\",\"position\":1,\"name\":\"Startseite\",\"item\":\"https:\\\/\\\/schulz-hygiene.de\\\/\"},{\"@type\":\"ListItem\",\"position\":2,\"name\":\"Impressum\"}]},{\"@type\":\"WebSite\",\"@id\":\"https:\\\/\\\/schulz-hygiene.de\\\/#website\",\"url\":\"https:\\\/\\\/schulz-hygiene.de\\\/\",\"name\":\"Schulz GmbH - Hygiene Service &amp; Technik\",\"description\":\"Hygiene-Service &amp; Hygiene-Technik f\u00fcr Unternehmen \u2013 Die Schulz GmbH steht f\u00fcr Kompetenz, Innovation &amp; Qualit\u00e4t seit \u00fcber 50 Jahren.\",\"publisher\":{\"@id\":\"https:\\\/\\\/schulz-hygiene.de\\\/#organization\"},\"potentialAction\":[{\"@type\":\"SearchAction\",\"target\":{\"@type\":\"EntryPoint\",\"urlTemplate\":\"https:\\\/\\\/schulz-hygiene.de\\\/?s={search_term_string}\"},\"query-input\":{\"@type\":\"PropertyValueSpecification\",\"valueRequired\":true,\"valueName\":\"search_term_string\"}}],\"inLanguage\":\"de\"},{\"@type\":\"Organization\",\"@id\":\"https:\\\/\\\/schulz-hygiene.de\\\/#organization\",\"name\":\"Schulz GmbH - Hygiene & Servicetechnik\",\"url\":\"https:\\\/\\\/schulz-hygiene.de\\\/\",\"logo\":{\"@type\":\"ImageObject\",\"inLanguage\":\"de\",\"@id\":\"https:\\\/\\\/schulz-hygiene.de\\\/#\\\/schema\\\/logo\\\/image\\\/\",\"url\":\"https:\\\/\\\/schulz-hygiene.de\\\/wp-content\\\/uploads\\\/2020\\\/03\\\/loginlogo_ff205.png\",\"contentUrl\":\"https:\\\/\\\/schulz-hygiene.de\\\/wp-content\\\/uploads\\\/2020\\\/03\\\/loginlogo_ff205.png\",\"width\":256,\"height\":64,\"caption\":\"Schulz GmbH - Hygiene & Servicetechnik\"},\"image\":{\"@id\":\"https:\\\/\\\/schulz-hygiene.de\\\/#\\\/schema\\\/logo\\\/image\\\/\"}}]}<\/script>\n<!-- \/ Yoast SEO plugin. -->","yoast_head_json":{"title":"Impressum - Schulz GmbH - Hygiene Service &amp; Technik","description":"Der f\u00fchrenden Hersteller von Desinfektionsmittel - Dosierger\u00e4ten \u25ba 50 Jahre Fachkompetenz in der Beratung, Reinigung, Desinfektion, \u00dcberpr\u00fcfung und Messung ein.","robots":{"index":"index","follow":"follow","max-snippet":"max-snippet:-1","max-image-preview":"max-image-preview:large","max-video-preview":"max-video-preview:-1"},"canonical":"https:\/\/schulz-hygiene.de\/?page_id=83","og_locale":"de_DE","og_type":"article","og_title":"Impressum - Schulz GmbH - Hygiene Service &amp; Technik","og_description":"Der f\u00fchrenden Hersteller von Desinfektionsmittel - Dosierger\u00e4ten \u25ba 50 Jahre Fachkompetenz in der Beratung, Reinigung, Desinfektion, \u00dcberpr\u00fcfung und Messung ein.","og_url":"https:\/\/schulz-hygiene.de\/?page_id=83","og_site_name":"Schulz GmbH - Hygiene Service &amp; Technik","article_modified_time":"2023-12-11T11:30:37+00:00","twitter_card":"summary_large_image","twitter_misc":{"Gesch\u00e4tzte Lesezeit":"1\u00a0Minute"},"schema":{"@context":"https:\/\/schema.org","@graph":[{"@type":"WebPage","@id":"https:\/\/schulz-hygiene.de\/?page_id=83","url":"https:\/\/schulz-hygiene.de\/?page_id=83","name":"Impressum - Schulz GmbH - Hygiene Service &amp; Technik","isPartOf":{"@id":"https:\/\/schulz-hygiene.de\/#website"},"datePublished":"2018-05-07T15:13:40+00:00","dateModified":"2023-12-11T11:30:37+00:00","description":"Der f\u00fchrenden Hersteller von Desinfektionsmittel - Dosierger\u00e4ten \u25ba 50 Jahre Fachkompetenz in der Beratung, Reinigung, Desinfektion, \u00dcberpr\u00fcfung und Messung ein.","breadcrumb":{"@id":"https:\/\/schulz-hygiene.de\/?page_id=83#breadcrumb"},"inLanguage":"de","potentialAction":[{"@type":"ReadAction","target":["https:\/\/schulz-hygiene.de\/?page_id=83"]}]},{"@type":"BreadcrumbList","@id":"https:\/\/schulz-hygiene.de\/?page_id=83#breadcrumb","itemListElement":[{"@type":"ListItem","position":1,"name":"Startseite","item":"https:\/\/schulz-hygiene.de\/"},{"@type":"ListItem","position":2,"name":"Impressum"}]},{"@type":"WebSite","@id":"https:\/\/schulz-hygiene.de\/#website","url":"https:\/\/schulz-hygiene.de\/","name":"Schulz GmbH - Hygiene Service &amp; Technik","description":"Hygiene-Service &amp; Hygiene-Technik f\u00fcr Unternehmen \u2013 Die Schulz GmbH steht f\u00fcr Kompetenz, Innovation &amp; Qualit\u00e4t seit \u00fcber 50 Jahren.","publisher":{"@id":"https:\/\/schulz-hygiene.de\/#organization"},"potentialAction":[{"@type":"SearchAction","target":{"@type":"EntryPoint","urlTemplate":"https:\/\/schulz-hygiene.de\/?s={search_term_string}"},"query-input":{"@type":"PropertyValueSpecification","valueRequired":true,"valueName":"search_term_string"}}],"inLanguage":"de"},{"@type":"Organization","@id":"https:\/\/schulz-hygiene.de\/#organization","name":"Schulz GmbH - Hygiene & Servicetechnik","url":"https:\/\/schulz-hygiene.de\/","logo":{"@type":"ImageObject","inLanguage":"de","@id":"https:\/\/schulz-hygiene.de\/#\/schema\/logo\/image\/","url":"https:\/\/schulz-hygiene.de\/wp-content\/uploads\/2020\/03\/loginlogo_ff205.png","contentUrl":"https:\/\/schulz-hygiene.de\/wp-content\/uploads\/2020\/03\/loginlogo_ff205.png","width":256,"height":64,"caption":"Schulz GmbH - Hygiene & Servicetechnik"},"image":{"@id":"https:\/\/schulz-hygiene.de\/#\/schema\/logo\/image\/"}}]}},"_links":{"self":[{"href":"https:\/\/schulz-hygiene.de\/index.php?rest_route=\/wp\/v2\/pages\/83","targetHints":{"allow":["GET"]}}],"collection":[{"href":"https:\/\/schulz-hygiene.de\/index.php?rest_route=\/wp\/v2\/pages"}],"about":[{"href":"https:\/\/schulz-hygiene.de\/index.php?rest_route=\/wp\/v2\/types\/page"}],"author":[{"embeddable":true,"href":"https:\/\/schulz-hygiene.de\/index.php?rest_route=\/wp\/v2\/users\/3"}],"replies":[{"embeddable":true,"href":"https:\/\/schulz-hygiene.de\/index.php?rest_route=%2Fwp%2Fv2%2Fcomments&post=83"}],"version-history":[{"count":3,"href":"https:\/\/schulz-hygiene.de\/index.php?rest_route=\/wp\/v2\/pages\/83\/revisions"}],"predecessor-version":[{"id":480,"href":"https:\/\/schulz-hygiene.de\/index.php?rest_route=\/wp\/v2\/pages\/83\/revisions\/480"}],"wp:attachment":[{"href":"https:\/\/schulz-hygiene.de\/index.php?rest_route=%2Fwp%2Fv2%2Fmedia&parent=83"}],"curies":[{"name":"wp","href":"https:\/\/api.w.org\/{rel}","templated":true}]}}