{"id":89,"date":"2018-05-07T15:15:32","date_gmt":"2018-05-07T15:15:32","guid":{"rendered":"https:\/\/schulz-hygiene.de\/?page_id=89"},"modified":"2018-05-07T15:56:07","modified_gmt":"2018-05-07T15:56:07","slug":"produkte","status":"publish","type":"page","link":"https:\/\/schulz-hygiene.de\/?page_id=89","title":{"rendered":"Produkte"},"content":{"rendered":"<p>Unsere Kunden haben unsere Fachkompetenz und das Serviceangebot kennen- und sch\u00e4tzen gelernt. Denn sie bekommen nicht nur ein Qualitativ hochwertiges Produkt sondern Fachliche Beratung, technische Optimierung und wichtige Serviceleistungen durch die Abl\u00e4ufe in den Kliniken verbessert und die Sicherheit erh\u00f6ht werden.<\/p>\n","protected":false},"excerpt":{"rendered":"Unsere Kunden haben unsere Fachkompetenz und das Serviceangebot kennen- und sch\u00e4tzen gelernt. Denn sie bekommen nicht nur ein Qualitativ hochwertiges Produkt sondern Fachliche Beratung, technische Optimierung und wichtige Serviceleistungen durch die Abl\u00e4ufe in den Kliniken verbessert und die Sicherheit erh\u00f6ht werden.","protected":false},"author":3,"featured_media":0,"parent":0,"menu_order":0,"comment_status":"closed","ping_status":"closed","template":"product-template.php","meta":{"footnotes":""},"class_list":["post-89","page","type-page","status-publish","hentry"],"yoast_head":"<!-- This site is optimized with the Yoast SEO plugin v27.3 - https:\/\/yoast.com\/product\/yoast-seo-wordpress\/ -->\n<title>Produkte - Schulz GmbH - Hygiene Service &amp; Technik<\/title>\n<meta name=\"description\" content=\"Der f\u00fchrenden Hersteller von Desinfektionsmittel - Dosierger\u00e4ten \u25ba 50 Jahre Fachkompetenz in der Beratung, Reinigung, Desinfektion, \u00dcberpr\u00fcfung und Messung ein.\" \/>\n<meta name=\"robots\" content=\"index, follow, max-snippet:-1, max-image-preview:large, max-video-preview:-1\" \/>\n<link rel=\"canonical\" href=\"https:\/\/schulz-hygiene.de\/?page_id=89\" \/>\n<meta property=\"og:locale\" content=\"de_DE\" \/>\n<meta property=\"og:type\" content=\"article\" \/>\n<meta property=\"og:title\" content=\"Produkte - Schulz GmbH - Hygiene Service &amp; Technik\" \/>\n<meta property=\"og:description\" content=\"Der f\u00fchrenden Hersteller von Desinfektionsmittel - Dosierger\u00e4ten \u25ba 50 Jahre Fachkompetenz in der Beratung, Reinigung, Desinfektion, \u00dcberpr\u00fcfung und Messung ein.\" \/>\n<meta property=\"og:url\" content=\"https:\/\/schulz-hygiene.de\/?page_id=89\" \/>\n<meta property=\"og:site_name\" content=\"Schulz GmbH - Hygiene Service &amp; Technik\" \/>\n<meta property=\"article:modified_time\" content=\"2018-05-07T15:56:07+00:00\" \/>\n<meta name=\"twitter:card\" content=\"summary_large_image\" \/>\n<script type=\"application\/ld+json\" class=\"yoast-schema-graph\">{\"@context\":\"https:\\\/\\\/schema.org\",\"@graph\":[{\"@type\":\"WebPage\",\"@id\":\"https:\\\/\\\/schulz-hygiene.de\\\/?page_id=89\",\"url\":\"https:\\\/\\\/schulz-hygiene.de\\\/?page_id=89\",\"name\":\"Produkte - Schulz GmbH - Hygiene Service &amp; Technik\",\"isPartOf\":{\"@id\":\"https:\\\/\\\/schulz-hygiene.de\\\/#website\"},\"datePublished\":\"2018-05-07T15:15:32+00:00\",\"dateModified\":\"2018-05-07T15:56:07+00:00\",\"description\":\"Der f\u00fchrenden Hersteller von Desinfektionsmittel - Dosierger\u00e4ten \u25ba 50 Jahre Fachkompetenz in der Beratung, Reinigung, Desinfektion, \u00dcberpr\u00fcfung und Messung ein.\",\"breadcrumb\":{\"@id\":\"https:\\\/\\\/schulz-hygiene.de\\\/?page_id=89#breadcrumb\"},\"inLanguage\":\"de\",\"potentialAction\":[{\"@type\":\"ReadAction\",\"target\":[\"https:\\\/\\\/schulz-hygiene.de\\\/?page_id=89\"]}]},{\"@type\":\"BreadcrumbList\",\"@id\":\"https:\\\/\\\/schulz-hygiene.de\\\/?page_id=89#breadcrumb\",\"itemListElement\":[{\"@type\":\"ListItem\",\"position\":1,\"name\":\"Startseite\",\"item\":\"https:\\\/\\\/schulz-hygiene.de\\\/\"},{\"@type\":\"ListItem\",\"position\":2,\"name\":\"Produkte\"}]},{\"@type\":\"WebSite\",\"@id\":\"https:\\\/\\\/schulz-hygiene.de\\\/#website\",\"url\":\"https:\\\/\\\/schulz-hygiene.de\\\/\",\"name\":\"Schulz GmbH - Hygiene Service &amp; Technik\",\"description\":\"Hygiene-Service &amp; Hygiene-Technik f\u00fcr Unternehmen \u2013 Die Schulz GmbH steht f\u00fcr Kompetenz, Innovation &amp; Qualit\u00e4t seit \u00fcber 50 Jahren.\",\"publisher\":{\"@id\":\"https:\\\/\\\/schulz-hygiene.de\\\/#organization\"},\"potentialAction\":[{\"@type\":\"SearchAction\",\"target\":{\"@type\":\"EntryPoint\",\"urlTemplate\":\"https:\\\/\\\/schulz-hygiene.de\\\/?s={search_term_string}\"},\"query-input\":{\"@type\":\"PropertyValueSpecification\",\"valueRequired\":true,\"valueName\":\"search_term_string\"}}],\"inLanguage\":\"de\"},{\"@type\":\"Organization\",\"@id\":\"https:\\\/\\\/schulz-hygiene.de\\\/#organization\",\"name\":\"Schulz GmbH - Hygiene & Servicetechnik\",\"url\":\"https:\\\/\\\/schulz-hygiene.de\\\/\",\"logo\":{\"@type\":\"ImageObject\",\"inLanguage\":\"de\",\"@id\":\"https:\\\/\\\/schulz-hygiene.de\\\/#\\\/schema\\\/logo\\\/image\\\/\",\"url\":\"https:\\\/\\\/schulz-hygiene.de\\\/wp-content\\\/uploads\\\/2020\\\/03\\\/loginlogo_ff205.png\",\"contentUrl\":\"https:\\\/\\\/schulz-hygiene.de\\\/wp-content\\\/uploads\\\/2020\\\/03\\\/loginlogo_ff205.png\",\"width\":256,\"height\":64,\"caption\":\"Schulz GmbH - Hygiene & Servicetechnik\"},\"image\":{\"@id\":\"https:\\\/\\\/schulz-hygiene.de\\\/#\\\/schema\\\/logo\\\/image\\\/\"}}]}<\/script>\n<!-- \/ Yoast SEO plugin. -->","yoast_head_json":{"title":"Produkte - Schulz GmbH - Hygiene Service &amp; Technik","description":"Der f\u00fchrenden Hersteller von Desinfektionsmittel - Dosierger\u00e4ten \u25ba 50 Jahre Fachkompetenz in der Beratung, Reinigung, Desinfektion, \u00dcberpr\u00fcfung und Messung ein.","robots":{"index":"index","follow":"follow","max-snippet":"max-snippet:-1","max-image-preview":"max-image-preview:large","max-video-preview":"max-video-preview:-1"},"canonical":"https:\/\/schulz-hygiene.de\/?page_id=89","og_locale":"de_DE","og_type":"article","og_title":"Produkte - Schulz GmbH - Hygiene Service &amp; Technik","og_description":"Der f\u00fchrenden Hersteller von Desinfektionsmittel - Dosierger\u00e4ten \u25ba 50 Jahre Fachkompetenz in der Beratung, Reinigung, Desinfektion, \u00dcberpr\u00fcfung und Messung ein.","og_url":"https:\/\/schulz-hygiene.de\/?page_id=89","og_site_name":"Schulz GmbH - Hygiene Service &amp; Technik","article_modified_time":"2018-05-07T15:56:07+00:00","twitter_card":"summary_large_image","schema":{"@context":"https:\/\/schema.org","@graph":[{"@type":"WebPage","@id":"https:\/\/schulz-hygiene.de\/?page_id=89","url":"https:\/\/schulz-hygiene.de\/?page_id=89","name":"Produkte - Schulz GmbH - Hygiene Service &amp; Technik","isPartOf":{"@id":"https:\/\/schulz-hygiene.de\/#website"},"datePublished":"2018-05-07T15:15:32+00:00","dateModified":"2018-05-07T15:56:07+00:00","description":"Der f\u00fchrenden Hersteller von Desinfektionsmittel - Dosierger\u00e4ten \u25ba 50 Jahre Fachkompetenz in der Beratung, Reinigung, Desinfektion, \u00dcberpr\u00fcfung und Messung ein.","breadcrumb":{"@id":"https:\/\/schulz-hygiene.de\/?page_id=89#breadcrumb"},"inLanguage":"de","potentialAction":[{"@type":"ReadAction","target":["https:\/\/schulz-hygiene.de\/?page_id=89"]}]},{"@type":"BreadcrumbList","@id":"https:\/\/schulz-hygiene.de\/?page_id=89#breadcrumb","itemListElement":[{"@type":"ListItem","position":1,"name":"Startseite","item":"https:\/\/schulz-hygiene.de\/"},{"@type":"ListItem","position":2,"name":"Produkte"}]},{"@type":"WebSite","@id":"https:\/\/schulz-hygiene.de\/#website","url":"https:\/\/schulz-hygiene.de\/","name":"Schulz GmbH - Hygiene Service &amp; Technik","description":"Hygiene-Service &amp; Hygiene-Technik f\u00fcr Unternehmen \u2013 Die Schulz GmbH steht f\u00fcr Kompetenz, Innovation &amp; Qualit\u00e4t seit \u00fcber 50 Jahren.","publisher":{"@id":"https:\/\/schulz-hygiene.de\/#organization"},"potentialAction":[{"@type":"SearchAction","target":{"@type":"EntryPoint","urlTemplate":"https:\/\/schulz-hygiene.de\/?s={search_term_string}"},"query-input":{"@type":"PropertyValueSpecification","valueRequired":true,"valueName":"search_term_string"}}],"inLanguage":"de"},{"@type":"Organization","@id":"https:\/\/schulz-hygiene.de\/#organization","name":"Schulz GmbH - Hygiene & Servicetechnik","url":"https:\/\/schulz-hygiene.de\/","logo":{"@type":"ImageObject","inLanguage":"de","@id":"https:\/\/schulz-hygiene.de\/#\/schema\/logo\/image\/","url":"https:\/\/schulz-hygiene.de\/wp-content\/uploads\/2020\/03\/loginlogo_ff205.png","contentUrl":"https:\/\/schulz-hygiene.de\/wp-content\/uploads\/2020\/03\/loginlogo_ff205.png","width":256,"height":64,"caption":"Schulz GmbH - Hygiene & Servicetechnik"},"image":{"@id":"https:\/\/schulz-hygiene.de\/#\/schema\/logo\/image\/"}}]}},"_links":{"self":[{"href":"https:\/\/schulz-hygiene.de\/index.php?rest_route=\/wp\/v2\/pages\/89","targetHints":{"allow":["GET"]}}],"collection":[{"href":"https:\/\/schulz-hygiene.de\/index.php?rest_route=\/wp\/v2\/pages"}],"about":[{"href":"https:\/\/schulz-hygiene.de\/index.php?rest_route=\/wp\/v2\/types\/page"}],"author":[{"embeddable":true,"href":"https:\/\/schulz-hygiene.de\/index.php?rest_route=\/wp\/v2\/users\/3"}],"replies":[{"embeddable":true,"href":"https:\/\/schulz-hygiene.de\/index.php?rest_route=%2Fwp%2Fv2%2Fcomments&post=89"}],"version-history":[{"count":1,"href":"https:\/\/schulz-hygiene.de\/index.php?rest_route=\/wp\/v2\/pages\/89\/revisions"}],"predecessor-version":[{"id":90,"href":"https:\/\/schulz-hygiene.de\/index.php?rest_route=\/wp\/v2\/pages\/89\/revisions\/90"}],"wp:attachment":[{"href":"https:\/\/schulz-hygiene.de\/index.php?rest_route=%2Fwp%2Fv2%2Fmedia&parent=89"}],"curies":[{"name":"wp","href":"https:\/\/api.w.org\/{rel}","templated":true}]}}